{"id":28,"date":"2024-10-25T16:27:59","date_gmt":"2024-10-25T16:27:59","guid":{"rendered":"https:\/\/www.nature-strikes-back.eu\/?page_id=28"},"modified":"2025-05-27T09:36:54","modified_gmt":"2025-05-27T09:36:54","slug":"venue","status":"publish","type":"page","link":"https:\/\/www.nature-strikes-back.eu\/index.php\/venue\/","title":{"rendered":"Registration and venue"},"content":{"rendered":"\n<figure class=\"wp-block-image size-large is-resized\"><img fetchpriority=\"high\" decoding=\"async\" width=\"1024\" height=\"682\" src=\"https:\/\/www.nature-strikes-back.eu\/wp-content\/uploads\/2024\/11\/452691708_1079512477315287_8342318714353418833_n-modified-1024x682.jpg\" alt=\"\" class=\"wp-image-201\" style=\"width:839px;height:auto\" srcset=\"https:\/\/www.nature-strikes-back.eu\/wp-content\/uploads\/2024\/11\/452691708_1079512477315287_8342318714353418833_n-modified-1024x682.jpg 1024w, https:\/\/www.nature-strikes-back.eu\/wp-content\/uploads\/2024\/11\/452691708_1079512477315287_8342318714353418833_n-modified-300x200.jpg 300w, https:\/\/www.nature-strikes-back.eu\/wp-content\/uploads\/2024\/11\/452691708_1079512477315287_8342318714353418833_n-modified-768x512.jpg 768w, https:\/\/www.nature-strikes-back.eu\/wp-content\/uploads\/2024\/11\/452691708_1079512477315287_8342318714353418833_n-modified-1536x1024.jpg 1536w, https:\/\/www.nature-strikes-back.eu\/wp-content\/uploads\/2024\/11\/452691708_1079512477315287_8342318714353418833_n-modified.jpg 2000w\" sizes=\"(max-width: 1024px) 100vw, 1024px\" \/><\/figure>\n\n\n\n<p class=\"has-text-align-left has-medium-font-size\">The upcoming conference will be held at the Institute of Philosophy of the Czech Academy of Sciences in Prague. The venue,&nbsp;Vila Lanna, is located at <a href=\"https:\/\/maps.app.goo.gl\/sbEuFzzBWrFP31Bs9\"><strong>V Sadech 1\/1, Prague<\/strong><\/a>. We look forward to welcoming participants for engaging discussions and scholarly exchange. <\/p>\n\n\n\n<p class=\"has-medium-font-size\">There is no registration fee for the conference, but <strong>registration is required<\/strong>. Guests (non-active participants) are <strong>kindly asked to complete the following <a href=\"https:\/\/docs.google.com\/forms\/d\/e\/1FAIpQLSfxXWSJ73R0XXnOBXXpDTNynBU8Wn6M2cWM36pFaNbTFy4P2w\/viewform?usp=header\" data-type=\"link\" data-id=\"https:\/\/docs.google.com\/forms\/d\/e\/1FAIpQLSfxXWSJ73R0XXnOBXXpDTNynBU8Wn6M2cWM36pFaNbTFy4P2w\/viewform?usp=header\">registration form<\/a>. <\/strong><\/p>\n\n\n\n<p class=\"has-medium-font-size\">If you have any questions or requests, please contact us at conference@nature-strikes-back.eu<\/p>\n\n\n\n<div style=\"height:39px\" aria-hidden=\"true\" class=\"wp-block-spacer\"><\/div>\n\n\n\n<p class=\"has-medium-font-size\"><strong>The organizing team:<\/strong> <\/p>\n\n\n\n<p class=\"has-small-font-size\"><\/p>\n\n\n\n<div class=\"wp-block-media-text is-stacked-on-mobile\" style=\"grid-template-columns:17% auto\"><figure class=\"wp-block-media-text__media\"><img decoding=\"async\" width=\"1024\" height=\"1024\" src=\"https:\/\/www.nature-strikes-back.eu\/wp-content\/uploads\/2024\/10\/Martin-Ritter-1-1024x1024-1.jpg\" alt=\"\" class=\"wp-image-169 size-full\" srcset=\"https:\/\/www.nature-strikes-back.eu\/wp-content\/uploads\/2024\/10\/Martin-Ritter-1-1024x1024-1.jpg 1024w, https:\/\/www.nature-strikes-back.eu\/wp-content\/uploads\/2024\/10\/Martin-Ritter-1-1024x1024-1-300x300.jpg 300w, https:\/\/www.nature-strikes-back.eu\/wp-content\/uploads\/2024\/10\/Martin-Ritter-1-1024x1024-1-150x150.jpg 150w, https:\/\/www.nature-strikes-back.eu\/wp-content\/uploads\/2024\/10\/Martin-Ritter-1-1024x1024-1-768x768.jpg 768w\" sizes=\"(max-width: 1024px) 100vw, 1024px\" \/><\/figure><div class=\"wp-block-media-text__content\">\n<p class=\"has-small-font-size\"><strong>Martin Ritter<br><\/strong>ritter@flu.cas.cz<\/p>\n\n\n\n<p class=\"has-small-font-size\">Martin Ritter is Deputy Director at the Institute of Philosophy of the Czech Academy of Sciences and Senior Researcher at its Department of Contemporary Continental Philosophy. He is also affiliated with the Center for Environmental and Technology Ethics \u2013 Prague. Besides numerous journal articles especially on phenomenology, critical theory, media philosophy, and philosophy of technology, he has published two monographs on the philosophy of Walter Benjamin and one on the phenomenology of Jan Pato\u010dka.<\/p>\n<\/div><\/div>\n\n\n\n<div class=\"wp-block-media-text is-stacked-on-mobile\" style=\"grid-template-columns:17% auto\"><figure class=\"wp-block-media-text__media\"><img decoding=\"async\" width=\"433\" height=\"433\" src=\"https:\/\/www.nature-strikes-back.eu\/wp-content\/uploads\/2024\/10\/PV.jpg\" alt=\"\" class=\"wp-image-173 size-full\" srcset=\"https:\/\/www.nature-strikes-back.eu\/wp-content\/uploads\/2024\/10\/PV.jpg 433w, https:\/\/www.nature-strikes-back.eu\/wp-content\/uploads\/2024\/10\/PV-300x300.jpg 300w, https:\/\/www.nature-strikes-back.eu\/wp-content\/uploads\/2024\/10\/PV-150x150.jpg 150w\" sizes=\"(max-width: 433px) 100vw, 433px\" \/><\/figure><div class=\"wp-block-media-text__content\">\n<p class=\"has-small-font-size\"><strong>Petr Va\u0161kovic<br><\/strong>vaskovic@flu.cas.cz<\/p>\n\n\n\n<p class=\"has-small-font-size\">Petr Va\u0161kovic is a postdoctoral fellow at the Department of Contemporary Continental Philosophy of the Czech Academy of Sciences and at the Department of Philosophy at Palack\u00fd University Olomouc. Petr works on environmental philosophy and existential phenomenology. He is the author of a book on Kierkegaard and Dostoevsky and has recently published articles on climate anxiety and ecophenomenology.<\/p>\n<\/div><\/div>\n\n\n\n<p class=\"has-small-font-size\"><\/p>\n\n\n\n<div class=\"wp-block-media-text is-stacked-on-mobile\" style=\"grid-template-columns:17% auto\"><figure class=\"wp-block-media-text__media\"><img loading=\"lazy\" decoding=\"async\" width=\"1024\" height=\"1011\" src=\"https:\/\/www.nature-strikes-back.eu\/wp-content\/uploads\/2024\/10\/4246b121d2dc949b8f082c5f57840a3b_XL-transformed-modified-2-1024x1011.jpeg\" alt=\"\" class=\"wp-image-189 size-full\" srcset=\"https:\/\/www.nature-strikes-back.eu\/wp-content\/uploads\/2024\/10\/4246b121d2dc949b8f082c5f57840a3b_XL-transformed-modified-2-1024x1011.jpeg 1024w, https:\/\/www.nature-strikes-back.eu\/wp-content\/uploads\/2024\/10\/4246b121d2dc949b8f082c5f57840a3b_XL-transformed-modified-2-300x296.jpeg 300w, https:\/\/www.nature-strikes-back.eu\/wp-content\/uploads\/2024\/10\/4246b121d2dc949b8f082c5f57840a3b_XL-transformed-modified-2-768x758.jpeg 768w, https:\/\/www.nature-strikes-back.eu\/wp-content\/uploads\/2024\/10\/4246b121d2dc949b8f082c5f57840a3b_XL-transformed-modified-2.jpeg 1500w\" sizes=\"(max-width: 1024px) 100vw, 1024px\" \/><\/figure><div class=\"wp-block-media-text__content\">\n<p class=\"has-small-font-size\"><strong>Petr Pr\u00e1\u0161ek<br><\/strong>prasek@flu.cas.cz<\/p>\n\n\n\n<p class=\"has-small-font-size\">Dr. Petr Pr\u00e1\u0161ek is a postdoctoral fellow at the Department of Contemporary Continental Philosophy of the CAS. His publications include Le devenir-autre de l&#8217;existence. \u00c9tude sur la ph\u00e9nom\u00e9nologie contemporaine (The Becoming-Other of Existence. Study in Contemporary Phenomenology in France). Paris: Hermann, 2023, and a number of articles on contemporary French phenomenology and eco-phenomenology. Currently he is working as an editor on a collective monograph The Faces of Nature: Eco-Phenomenology and the Philosophy of Nature, to be published by Lexington Books in 2025.<\/p>\n<\/div><\/div>\n\n\n\n<p class=\"has-small-font-size\"><\/p>\n\n\n\n<div class=\"wp-block-media-text is-stacked-on-mobile\" style=\"grid-template-columns:17% auto\"><figure class=\"wp-block-media-text__media\"><img loading=\"lazy\" decoding=\"async\" width=\"400\" height=\"382\" src=\"https:\/\/www.nature-strikes-back.eu\/wp-content\/uploads\/2024\/10\/ivan-gutierrez-1-modified-1.jpeg\" alt=\"\" class=\"wp-image-174 size-full\" srcset=\"https:\/\/www.nature-strikes-back.eu\/wp-content\/uploads\/2024\/10\/ivan-gutierrez-1-modified-1.jpeg 400w, https:\/\/www.nature-strikes-back.eu\/wp-content\/uploads\/2024\/10\/ivan-gutierrez-1-modified-1-300x287.jpeg 300w\" sizes=\"(max-width: 400px) 100vw, 400px\" \/><\/figure><div class=\"wp-block-media-text__content\">\n<p class=\"has-small-font-size\"><strong>Ivan Gutierrez<br><\/strong>gutierrez@flu.cas.cz<\/p>\n\n\n\n<p class=\"has-small-font-size\">Ivan Gutierrez is a postdoctoral fellow at the Department of Contemporary Continental Philosophy of the Czech Academy of Sciences and a lecturer in philosophy at Anglo-American University in Prague. His publications include a a number of articles on the phenomenology of technologically mediated auditory experience. He is co-author of Phenomenological Investigations of Sonic Environments, which was published by Palgrave Macmillan in 2024.<\/p>\n<\/div><\/div>\n\n\n\n<p><\/p>\n","protected":false},"excerpt":{"rendered":"<p>The upcoming conference will be held at the Institute of Philosophy of the Czech Academy of Sciences in Prague. The venue,&nbsp;Vila Lanna, is located at V Sadech 1\/1, Prague. We look forward to welcoming participants for engaging discussions and scholarly exchange. There is no registration fee for the conference, but registration is required. Guests (non-active participants) are kindly asked to complete the following registration form. If you have any questions or requests, please contact us at conference@nature-strikes-back.eu The organizing team: Martin Ritterritter@flu.cas.cz Martin Ritter is Deputy Director at the Institute of Philosophy of the Czech Academy of Sciences and Senior Researcher at its Department of Contemporary Continental Philosophy. He is also affiliated with the Center for Environmental and Technology Ethics \u2013 Prague. Besides numerous journal articles especially on phenomenology, critical theory, media philosophy, and philosophy of technology, he has published two monographs on the philosophy of Walter Benjamin and one on the phenomenology of Jan Pato\u010dka. Petr Va\u0161kovicvaskovic@flu.cas.cz Petr Va\u0161kovic is a postdoctoral fellow at the Department of Contemporary Continental Philosophy of the Czech Academy of Sciences and at the Department of Philosophy at Palack\u00fd University Olomouc. Petr works on environmental philosophy and existential phenomenology. He is the author of a book on Kierkegaard and Dostoevsky and has recently published articles on climate anxiety and ecophenomenology. Petr Pr\u00e1\u0161ekprasek@flu.cas.cz Dr. Petr Pr\u00e1\u0161ek is a postdoctoral fellow at the Department of Contemporary Continental Philosophy of the CAS. His publications include Le devenir-autre de l&#8217;existence. \u00c9tude sur la ph\u00e9nom\u00e9nologie contemporaine (The Becoming-Other of Existence. Study in Contemporary Phenomenology in France). Paris: Hermann, 2023, and a number of articles on contemporary French phenomenology and eco-phenomenology. Currently he is working as an editor on a collective monograph The Faces of Nature: Eco-Phenomenology and the Philosophy of Nature, to be published by Lexington Books in 2025. Ivan Gutierrezgutierrez@flu.cas.cz Ivan Gutierrez is a postdoctoral fellow at the Department of Contemporary Continental Philosophy of the Czech Academy of Sciences and a lecturer in philosophy at Anglo-American University in Prague. His publications include a a number of articles on the phenomenology of technologically mediated auditory experience. He is co-author of Phenomenological Investigations of Sonic Environments, which was published by Palgrave Macmillan in 2024.<\/p>\n","protected":false},"author":1,"featured_media":0,"parent":0,"menu_order":0,"comment_status":"closed","ping_status":"closed","template":"","meta":{"footnotes":""},"class_list":["post-28","page","type-page","status-publish","hentry"],"_links":{"self":[{"href":"https:\/\/www.nature-strikes-back.eu\/index.php\/wp-json\/wp\/v2\/pages\/28","targetHints":{"allow":["GET"]}}],"collection":[{"href":"https:\/\/www.nature-strikes-back.eu\/index.php\/wp-json\/wp\/v2\/pages"}],"about":[{"href":"https:\/\/www.nature-strikes-back.eu\/index.php\/wp-json\/wp\/v2\/types\/page"}],"author":[{"embeddable":true,"href":"https:\/\/www.nature-strikes-back.eu\/index.php\/wp-json\/wp\/v2\/users\/1"}],"replies":[{"embeddable":true,"href":"https:\/\/www.nature-strikes-back.eu\/index.php\/wp-json\/wp\/v2\/comments?post=28"}],"version-history":[{"count":53,"href":"https:\/\/www.nature-strikes-back.eu\/index.php\/wp-json\/wp\/v2\/pages\/28\/revisions"}],"predecessor-version":[{"id":400,"href":"https:\/\/www.nature-strikes-back.eu\/index.php\/wp-json\/wp\/v2\/pages\/28\/revisions\/400"}],"wp:attachment":[{"href":"https:\/\/www.nature-strikes-back.eu\/index.php\/wp-json\/wp\/v2\/media?parent=28"}],"curies":[{"name":"wp","href":"https:\/\/api.w.org\/{rel}","templated":true}]}}